{"id":71,"date":"2024-04-14T18:24:17","date_gmt":"2024-04-14T22:24:17","guid":{"rendered":"https:\/\/cenchrees.fr\/?page_id=71"},"modified":"2025-08-18T21:47:59","modified_gmt":"2025-08-19T01:47:59","slug":"escales-evenements","status":"publish","type":"page","link":"https:\/\/cenchrees.fr\/?page_id=71","title":{"rendered":"ESCALES \/ EVENEMENTS"},"content":{"rendered":"\n<p>L&rsquo;association CENCHREES organise des \u00e9v\u00e8nements ouverts \u00e0 toutes personnes souhaitant d\u00e9couvrir nos actions ou nous rejoindre en tant qu&rsquo;\u00e9quipier.<\/p>\n\n\n\n<p>Vous trouverez ci-dessous les flyers de nos \u00e9v\u00e8nements:<\/p>\n\n\n\n<figure class=\"wp-block-image size-large is-resized\"><img loading=\"lazy\" decoding=\"async\" width=\"721\" height=\"1024\" src=\"https:\/\/cenchrees.fr\/wp-content\/uploads\/2025\/08\/Flyers-CENCHREES_Evenement2025_CINEMA-DEBAT_DARBAUD_20250829-721x1024.png\" alt=\"\" class=\"wp-image-485\" style=\"width:724px;height:auto\" srcset=\"https:\/\/cenchrees.fr\/wp-content\/uploads\/2025\/08\/Flyers-CENCHREES_Evenement2025_CINEMA-DEBAT_DARBAUD_20250829-721x1024.png 721w, https:\/\/cenchrees.fr\/wp-content\/uploads\/2025\/08\/Flyers-CENCHREES_Evenement2025_CINEMA-DEBAT_DARBAUD_20250829-211x300.png 211w, https:\/\/cenchrees.fr\/wp-content\/uploads\/2025\/08\/Flyers-CENCHREES_Evenement2025_CINEMA-DEBAT_DARBAUD_20250829-768x1090.png 768w, https:\/\/cenchrees.fr\/wp-content\/uploads\/2025\/08\/Flyers-CENCHREES_Evenement2025_CINEMA-DEBAT_DARBAUD_20250829-1082x1536.png 1082w, https:\/\/cenchrees.fr\/wp-content\/uploads\/2025\/08\/Flyers-CENCHREES_Evenement2025_CINEMA-DEBAT_DARBAUD_20250829.png 1409w\" sizes=\"auto, (max-width: 721px) 100vw, 721px\" \/><\/figure>\n\n\n\n<figure class=\"wp-block-image size-large\"><img loading=\"lazy\" decoding=\"async\" width=\"722\" height=\"1024\" src=\"https:\/\/cenchrees.fr\/wp-content\/uploads\/2025\/08\/Flyers-CENCHREES_CINEMA-DEBAT_Lespion-de-Dieu_20250814-722x1024.png\" alt=\"\" class=\"wp-image-487\" srcset=\"https:\/\/cenchrees.fr\/wp-content\/uploads\/2025\/08\/Flyers-CENCHREES_CINEMA-DEBAT_Lespion-de-Dieu_20250814-722x1024.png 722w, https:\/\/cenchrees.fr\/wp-content\/uploads\/2025\/08\/Flyers-CENCHREES_CINEMA-DEBAT_Lespion-de-Dieu_20250814-212x300.png 212w, https:\/\/cenchrees.fr\/wp-content\/uploads\/2025\/08\/Flyers-CENCHREES_CINEMA-DEBAT_Lespion-de-Dieu_20250814-768x1089.png 768w, https:\/\/cenchrees.fr\/wp-content\/uploads\/2025\/08\/Flyers-CENCHREES_CINEMA-DEBAT_Lespion-de-Dieu_20250814-1083x1536.png 1083w, https:\/\/cenchrees.fr\/wp-content\/uploads\/2025\/08\/Flyers-CENCHREES_CINEMA-DEBAT_Lespion-de-Dieu_20250814.png 1410w\" sizes=\"auto, (max-width: 722px) 100vw, 722px\" \/><\/figure>\n\n\n\n<figure class=\"wp-block-image size-large is-resized\"><img loading=\"lazy\" decoding=\"async\" width=\"791\" height=\"1024\" src=\"https:\/\/cenchrees.fr\/wp-content\/uploads\/2025\/04\/Flyers-CENCHREES_Evenement2025_Randonnee20250508-791x1024.jpg\" alt=\"\" class=\"wp-image-476\" style=\"width:720px;height:auto\" srcset=\"https:\/\/cenchrees.fr\/wp-content\/uploads\/2025\/04\/Flyers-CENCHREES_Evenement2025_Randonnee20250508-791x1024.jpg 791w, https:\/\/cenchrees.fr\/wp-content\/uploads\/2025\/04\/Flyers-CENCHREES_Evenement2025_Randonnee20250508-232x300.jpg 232w, https:\/\/cenchrees.fr\/wp-content\/uploads\/2025\/04\/Flyers-CENCHREES_Evenement2025_Randonnee20250508-768x994.jpg 768w, https:\/\/cenchrees.fr\/wp-content\/uploads\/2025\/04\/Flyers-CENCHREES_Evenement2025_Randonnee20250508-1187x1536.jpg 1187w, https:\/\/cenchrees.fr\/wp-content\/uploads\/2025\/04\/Flyers-CENCHREES_Evenement2025_Randonnee20250508.jpg 1545w\" sizes=\"auto, (max-width: 791px) 100vw, 791px\" \/><\/figure>\n\n\n\n<div class=\"wp-block-group is-vertical is-layout-flex wp-container-core-group-is-layout-fe9cc265 wp-block-group-is-layout-flex\">\n<figure class=\"wp-block-image size-full is-resized\"><a href=\"#Evenement3\"><img loading=\"lazy\" decoding=\"async\" width=\"874\" height=\"591\" src=\"https:\/\/cenchrees.fr\/wp-content\/uploads\/2024\/04\/2024_04_20_Port-1-Ecoute-Information.jpg\" alt=\"\" class=\"wp-image-451\" style=\"width:719px;height:auto\" srcset=\"https:\/\/cenchrees.fr\/wp-content\/uploads\/2024\/04\/2024_04_20_Port-1-Ecoute-Information.jpg 874w, https:\/\/cenchrees.fr\/wp-content\/uploads\/2024\/04\/2024_04_20_Port-1-Ecoute-Information-300x203.jpg 300w, https:\/\/cenchrees.fr\/wp-content\/uploads\/2024\/04\/2024_04_20_Port-1-Ecoute-Information-768x519.jpg 768w\" sizes=\"auto, (max-width: 874px) 100vw, 874px\" \/><\/a><\/figure>\n\n\n\n<figure class=\"wp-block-image size-full is-resized\"><a href=\"#Evenement2\"><img loading=\"lazy\" decoding=\"async\" width=\"874\" height=\"591\" src=\"https:\/\/cenchrees.fr\/wp-content\/uploads\/2024\/04\/2024_04_12_Soiree-au-Feminin.jpg\" alt=\"\" class=\"wp-image-452\" style=\"width:719px;height:auto\" srcset=\"https:\/\/cenchrees.fr\/wp-content\/uploads\/2024\/04\/2024_04_12_Soiree-au-Feminin.jpg 874w, https:\/\/cenchrees.fr\/wp-content\/uploads\/2024\/04\/2024_04_12_Soiree-au-Feminin-300x203.jpg 300w, https:\/\/cenchrees.fr\/wp-content\/uploads\/2024\/04\/2024_04_12_Soiree-au-Feminin-768x519.jpg 768w\" sizes=\"auto, (max-width: 874px) 100vw, 874px\" \/><\/a><\/figure>\n\n\n\n<figure class=\"wp-block-image size-large is-resized\"><a href=\"#evenement1\"><img loading=\"lazy\" decoding=\"async\" width=\"724\" height=\"1024\" src=\"https:\/\/cenchrees.fr\/wp-content\/uploads\/2024\/04\/Invitations_Phase-3_Lancement-Tout-Public-724x1024.jpg\" alt=\"\" class=\"wp-image-453\" style=\"width:715px;height:auto\" srcset=\"https:\/\/cenchrees.fr\/wp-content\/uploads\/2024\/04\/Invitations_Phase-3_Lancement-Tout-Public-724x1024.jpg 724w, https:\/\/cenchrees.fr\/wp-content\/uploads\/2024\/04\/Invitations_Phase-3_Lancement-Tout-Public-212x300.jpg 212w, https:\/\/cenchrees.fr\/wp-content\/uploads\/2024\/04\/Invitations_Phase-3_Lancement-Tout-Public-768x1086.jpg 768w, https:\/\/cenchrees.fr\/wp-content\/uploads\/2024\/04\/Invitations_Phase-3_Lancement-Tout-Public-1086x1536.jpg 1086w, https:\/\/cenchrees.fr\/wp-content\/uploads\/2024\/04\/Invitations_Phase-3_Lancement-Tout-Public.jpg 1240w\" sizes=\"auto, (max-width: 724px) 100vw, 724px\" \/><\/a><\/figure>\n<\/div>\n","protected":false},"excerpt":{"rendered":"<p>L&rsquo;association CENCHREES organise des \u00e9v\u00e8nements ouverts \u00e0 toutes personnes souhaitant d\u00e9couvrir nos actions ou nous rejoindre en tant qu&rsquo;\u00e9quipier. Vous trouverez ci-dessous les flyers de nos \u00e9v\u00e8nements:<\/p>\n","protected":false},"author":1,"featured_media":476,"parent":0,"menu_order":0,"comment_status":"closed","ping_status":"closed","template":"","meta":{"footnotes":""},"class_list":["post-71","page","type-page","status-publish","has-post-thumbnail","hentry"],"_links":{"self":[{"href":"https:\/\/cenchrees.fr\/index.php?rest_route=\/wp\/v2\/pages\/71","targetHints":{"allow":["GET"]}}],"collection":[{"href":"https:\/\/cenchrees.fr\/index.php?rest_route=\/wp\/v2\/pages"}],"about":[{"href":"https:\/\/cenchrees.fr\/index.php?rest_route=\/wp\/v2\/types\/page"}],"author":[{"embeddable":true,"href":"https:\/\/cenchrees.fr\/index.php?rest_route=\/wp\/v2\/users\/1"}],"replies":[{"embeddable":true,"href":"https:\/\/cenchrees.fr\/index.php?rest_route=%2Fwp%2Fv2%2Fcomments&post=71"}],"version-history":[{"count":7,"href":"https:\/\/cenchrees.fr\/index.php?rest_route=\/wp\/v2\/pages\/71\/revisions"}],"predecessor-version":[{"id":488,"href":"https:\/\/cenchrees.fr\/index.php?rest_route=\/wp\/v2\/pages\/71\/revisions\/488"}],"wp:featuredmedia":[{"embeddable":true,"href":"https:\/\/cenchrees.fr\/index.php?rest_route=\/wp\/v2\/media\/476"}],"wp:attachment":[{"href":"https:\/\/cenchrees.fr\/index.php?rest_route=%2Fwp%2Fv2%2Fmedia&parent=71"}],"curies":[{"name":"wp","href":"https:\/\/api.w.org\/{rel}","templated":true}]}}