{"id":69,"date":"2024-02-23T16:26:46","date_gmt":"2024-02-23T20:26:46","guid":{"rendered":"https:\/\/cenchrees.fr\/?page_id=69"},"modified":"2024-03-03T17:33:11","modified_gmt":"2024-03-03T21:33:11","slug":"navigation-nous-rejoindre","status":"publish","type":"page","link":"https:\/\/cenchrees.fr\/?page_id=69","title":{"rendered":"NAVIGATION \/ NOUS REJOINDRE"},"content":{"rendered":"\n<p class=\"has-foreground-color has-text-color has-link-color has-normal-font-size wp-elements-2c14b01af675ca2568108e7fa710fabb\">Si vous souhaitez nous rejoindre en tant que partenaire, officier (membre actif) ou si vous souhaitez b\u00e9n\u00e9ficier des nos services, vous \u00eates sur la bonne page. <\/p>\n\n\n\n<div class=\"wp-block-group is-layout-constrained wp-block-group-is-layout-constrained\">\n<div class=\"wp-block-buttons is-content-justification-center is-layout-flex wp-container-core-buttons-is-layout-a89b3969 wp-block-buttons-is-layout-flex\">\n<div class=\"wp-block-button\"><a class=\"wp-block-button__link has-foreground-color has-text-color has-link-color wp-element-button\" href=\"https:\/\/cenchrees.fr\/?page_id=406\">Contact &amp; Nous!<\/a><\/div>\n<\/div>\n<\/div>\n\n\n\n<div class=\"wp-block-group is-layout-constrained wp-block-group-is-layout-constrained\">\n<p class=\"has-primary-color has-text-color has-link-color has-medium-font-size wp-elements-f7c0d9746882e27b7364c9c5fdd12eb5\" id=\"Devenir_Officier\" style=\"margin-top:var(--wp--preset--spacing--70);margin-bottom:var(--wp--preset--spacing--70)\">A- <strong>Devenir Officier<\/strong><\/p>\n\n\n\n<p class=\"has-foreground-color has-text-color has-link-color wp-elements-d51ac9d0c749219ab02982b6f9cbe6af\">La mission est vaste et les officiers en petit nombre. Nous serions ravis que vous fassiez partie de notre \u00e9quipage alors rejoignez-nous&nbsp;!<\/p>\n\n\n\n<p class=\"has-foreground-color has-text-color has-link-color wp-elements-c9758d5e8af71c3cd8fe1f8b7270b06b\">Nous avons construit un parcours innovant pour nos futurs membres actifs.<\/p>\n\n\n\n<p class=\"has-primary-color has-text-color has-link-color wp-elements-819e36307f473097f8d6c6077e3a6358\">Nous vous proposons une croisi\u00e8re en 10 escales formatrices&nbsp;d\u2019Avril 2024 \u00e0 F\u00e9vrier 2025&nbsp;:<\/p>\n\n\n\n<ul class=\"wp-block-list\">\n<li class=\"has-normal-font-size\">Port 1&nbsp;: Ecoute (Avril 2024)<\/li>\n\n\n\n<li class=\"has-normal-font-size\">Port 2&nbsp;: Empathie (Mai 2024)<\/li>\n\n\n\n<li class=\"has-normal-font-size\">Port 3&nbsp;: Engagement (Juin 2024)<\/li>\n\n\n\n<li class=\"has-normal-font-size\">Port 4&nbsp;: Equit\u00e9 (Juillet 2024)<\/li>\n\n\n\n<li class=\"has-normal-font-size\">Port 5&nbsp;: Humanit\u00e9 (Septembre 2024)<\/li>\n\n\n\n<li class=\"has-normal-font-size\">Port 6&nbsp;: Humilit\u00e9 (Octobre 2024)<\/li>\n\n\n\n<li class=\"has-normal-font-size\">Port 7&nbsp;: Libert\u00e9 (Novembre 2024)<\/li>\n\n\n\n<li class=\"has-normal-font-size\">Port 8&nbsp;: Reconnaissance (D\u00e9cembre 2024)<\/li>\n\n\n\n<li class=\"has-normal-font-size\">Port 9&nbsp;: Respect (Janvier 2025)<\/li>\n<\/ul>\n\n\n\n<p class=\"has-foreground-color has-text-color has-link-color wp-elements-b4d5d2a76ff6f369c177c3669261d5fa\">A l\u2019issue de ce voyage, vous pourrez d\u00e9cider de vous engager ou non \u00e0 nos c\u00f4t\u00e9s.<\/p>\n\n\n\n<p class=\"has-primary-color has-text-color has-link-color wp-elements-ba749d607a4b787ed3d76bad6c5d9baf\">R\u00e9servez d\u00e8s \u00e0 pr\u00e9sent pour un embarquement imm\u00e9diat <a href=\"https:\/\/cenchrees.fr\/?page_id=406\">ICI.<\/a><\/p>\n\n\n\n<div class=\"wp-block-group is-layout-constrained wp-block-group-is-layout-constrained\">\n<p class=\"has-primary-color has-text-color has-link-color has-medium-font-size wp-elements-c8e92c044f485ab24313bedf45d8753a\" id=\"Devenir_Partenaire\" style=\"margin-top:var(--wp--preset--spacing--70);margin-bottom:var(--wp--preset--spacing--70)\">B- <strong>Devenir partenaire<\/strong><\/p>\n\n\n\n<p class=\"has-foreground-color has-text-color has-link-color wp-elements-25fa828062ae842c86c2db262205ac7f\">Eglises, Professionnels de la relation d\u2019aide, Travailleurs en sant\u00e9 mentale, Associations, Entreprises, Particuliers ayant \u00e0 c\u0153ur de servir les autres \u2026 Prenons contact afin de construire une offre d\u2019accompagnement dont la force est la diversit\u00e9 des acteurs.<\/p>\n<\/div>\n\n\n\n<p class=\"has-primary-color has-text-color has-link-color wp-elements-bc5ad6c00679a5cfdda27e112384b30a\">Formulaire de contact disponible <a href=\"https:\/\/cenchrees.fr\/?page_id=406\">ICI<\/a><\/p>\n\n\n\n<div class=\"wp-block-group is-layout-constrained wp-block-group-is-layout-constrained\">\n<p class=\"has-primary-color has-text-color has-link-color has-medium-font-size wp-elements-c3c12ae642d567c5427bcb0a229a9491\" id=\"Devenir_Beneficiaire\"><strong>C- B\u00e9n\u00e9ficier de nos services<\/strong><\/p>\n\n\n\n<p class=\"has-foreground-color has-text-color has-link-color wp-elements-06f2519af0696f1cc34a6aa21800b88c\"><strong>\u00ab&nbsp;<\/strong>Car le pr\u00e9cepte est une lampe, et l&rsquo;enseignement une lumi\u00e8re, Et les avertissements de la correction sont le chemin de la vie&nbsp;\u00bb Proverbes 6&nbsp;:23<\/p>\n\n\n\n<p class=\"has-foreground-color has-text-color has-link-color wp-elements-5a29a3ac19409d543d55c37b56cbc85c\">Nous pouvons intervenir pour des d\u00e9bats, des s\u00e9minaires, des temps de r\u00e9flexions\u2026 Nous vous proposons une fa\u00e7on diff\u00e9rente d\u2019aborder les probl\u00e9matiques de vie, quels qu\u2019ils soient.<\/p>\n\n\n\n<p class=\"has-primary-color has-text-color has-link-color wp-elements-380ffdbb2c6955881fccdd3eca49a2ee\">N\u2019h\u00e9sitez pas \u00e0 nous contacter <a href=\"https:\/\/cenchrees.fr\/?page_id=406\">ICI<\/a><\/p>\n<\/div>\n<\/div>\n","protected":false},"excerpt":{"rendered":"<p>Si vous souhaitez nous rejoindre en tant que partenaire, officier (membre actif) ou si vous souhaitez b\u00e9n\u00e9ficier des nos services, vous \u00eates sur la bonne page. A- Devenir Officier La mission est vaste et les officiers en petit nombre. Nous serions ravis que vous fassiez partie de notre \u00e9quipage alors rejoignez-nous&nbsp;! Nous avons construit un [&hellip;]<\/p>\n","protected":false},"author":1,"featured_media":0,"parent":0,"menu_order":0,"comment_status":"closed","ping_status":"closed","template":"","meta":{"footnotes":""},"class_list":["post-69","page","type-page","status-publish","hentry"],"_links":{"self":[{"href":"https:\/\/cenchrees.fr\/index.php?rest_route=\/wp\/v2\/pages\/69","targetHints":{"allow":["GET"]}}],"collection":[{"href":"https:\/\/cenchrees.fr\/index.php?rest_route=\/wp\/v2\/pages"}],"about":[{"href":"https:\/\/cenchrees.fr\/index.php?rest_route=\/wp\/v2\/types\/page"}],"author":[{"embeddable":true,"href":"https:\/\/cenchrees.fr\/index.php?rest_route=\/wp\/v2\/users\/1"}],"replies":[{"embeddable":true,"href":"https:\/\/cenchrees.fr\/index.php?rest_route=%2Fwp%2Fv2%2Fcomments&post=69"}],"version-history":[{"count":21,"href":"https:\/\/cenchrees.fr\/index.php?rest_route=\/wp\/v2\/pages\/69\/revisions"}],"predecessor-version":[{"id":449,"href":"https:\/\/cenchrees.fr\/index.php?rest_route=\/wp\/v2\/pages\/69\/revisions\/449"}],"wp:attachment":[{"href":"https:\/\/cenchrees.fr\/index.php?rest_route=%2Fwp%2Fv2%2Fmedia&parent=69"}],"curies":[{"name":"wp","href":"https:\/\/api.w.org\/{rel}","templated":true}]}}