{"id":68,"date":"2024-02-23T16:27:14","date_gmt":"2024-02-23T20:27:14","guid":{"rendered":"https:\/\/cenchrees.fr\/?page_id=68"},"modified":"2024-03-02T10:01:33","modified_gmt":"2024-03-02T14:01:33","slug":"vie-a-bord-nos-missions","status":"publish","type":"page","link":"https:\/\/cenchrees.fr\/?page_id=68","title":{"rendered":"VIE A BORD \/ NOS MISSIONS"},"content":{"rendered":"\n<div class=\"wp-block-columns is-layout-flex wp-container-core-columns-is-layout-28f84493 wp-block-columns-is-layout-flex\">\n<div class=\"wp-block-column is-layout-flow wp-block-column-is-layout-flow\" style=\"flex-basis:100%\">\n<div class=\"wp-block-group is-layout-constrained wp-block-group-is-layout-constrained\">\n<div class=\"wp-block-columns is-layout-flex wp-container-core-columns-is-layout-28f84493 wp-block-columns-is-layout-flex\">\n<div class=\"wp-block-column is-layout-flow wp-block-column-is-layout-flow\">\n<p class=\"has-foreground-color has-text-color has-link-color has-medium-font-size wp-elements-f04ac40a511d83cdc245af7eda7545b3\">Pour accompagner \u00ab\u00a0les voyageurs de la vie\u00a0\u00bb, l&rsquo;association souhaite orienter ses missions sur 3 axes:<\/p>\n<\/div>\n<\/div>\n<\/div>\n<\/div>\n<\/div>\n\n\n\n<div class=\"wp-block-columns is-layout-flex wp-container-core-columns-is-layout-28f84493 wp-block-columns-is-layout-flex\">\n<div class=\"wp-block-column is-layout-flow wp-block-column-is-layout-flow\" style=\"flex-basis:100%\">\n<div class=\"wp-block-group is-layout-constrained wp-block-group-is-layout-constrained\">\n<div class=\"wp-block-columns is-layout-flex wp-container-core-columns-is-layout-28f84493 wp-block-columns-is-layout-flex\">\n<div class=\"wp-block-column is-layout-flow wp-block-column-is-layout-flow\">\n<figure class=\"wp-block-image aligncenter size-full is-resized\"><img loading=\"lazy\" decoding=\"async\" width=\"228\" height=\"281\" src=\"https:\/\/cenchrees.fr\/wp-content\/uploads\/2024\/02\/nombre1-or-2.png\" alt=\"\" class=\"wp-image-202\" style=\"width:100px\"\/><\/figure>\n<\/div>\n\n\n\n<div class=\"wp-block-column is-layout-flow wp-block-column-is-layout-flow\">\n<figure class=\"wp-block-image aligncenter size-full is-resized\"><img loading=\"lazy\" decoding=\"async\" width=\"254\" height=\"298\" src=\"https:\/\/cenchrees.fr\/wp-content\/uploads\/2024\/02\/nombre2-or-2.png\" alt=\"\" class=\"wp-image-203\" style=\"width:100px\"\/><\/figure>\n<\/div>\n\n\n\n<div class=\"wp-block-column is-layout-flow wp-block-column-is-layout-flow\">\n<figure class=\"wp-block-image aligncenter size-full is-resized\"><img loading=\"lazy\" decoding=\"async\" width=\"241\" height=\"290\" src=\"https:\/\/cenchrees.fr\/wp-content\/uploads\/2024\/02\/nombre3-or-2.png\" alt=\"\" class=\"wp-image-204\" style=\"width:100px\"\/><\/figure>\n<\/div>\n<\/div>\n<\/div>\n<\/div>\n<\/div>\n\n\n\n<div class=\"wp-block-group is-layout-constrained wp-block-group-is-layout-constrained\">\n<div class=\"wp-block-columns is-layout-flex wp-container-core-columns-is-layout-28f84493 wp-block-columns-is-layout-flex\">\n<div class=\"wp-block-column is-layout-flow wp-block-column-is-layout-flow\" style=\"flex-basis:100%\">\n<div class=\"wp-block-columns is-layout-flex wp-container-core-columns-is-layout-28f84493 wp-block-columns-is-layout-flex\">\n<div class=\"wp-block-column is-layout-flow wp-block-column-is-layout-flow\">\n<p class=\"has-text-align-center has-primary-color has-text-color has-link-color has-medium-font-size wp-elements-b97653a282f9a5d54e0d86bcee14ee88\">Pr\u00e9venir et sensibiliser<\/p>\n\n\n\n<p class=\"has-foreground-color has-text-color has-link-color wp-elements-87e626228d10fe5829147bac89bf09e5\">1.1 Rassemblements autour d\u2019\u00e9changes et de d\u00e9b\u00e2ts (bik a pawol)<\/p>\n\n\n\n<p class=\"has-foreground-color has-text-color has-link-color wp-elements-354e081c5b2db796e4c5405ae6d02ceb\">1.2 S\u00e9minaires autour de probl\u00e9matiques de vie<\/p>\n\n\n\n<p class=\"has-foreground-color has-text-color has-link-color wp-elements-34622f620b97a05eb490bc7fe4fbe764\">1.3 Moments de convivialit\u00e9<\/p>\n<\/div>\n\n\n\n<div class=\"wp-block-column is-layout-flow wp-block-column-is-layout-flow\">\n<p class=\"has-text-align-center has-primary-color has-text-color has-link-color has-medium-font-size wp-elements-4ff5c564161862a7cfe33df7f6fe70bf\" style=\"margin-top:var(--wp--preset--spacing--60);margin-right:0;margin-bottom:var(--wp--preset--spacing--60);margin-left:0\"><strong>Accompagner<\/strong><\/p>\n\n\n\n<p class=\"has-foreground-color has-text-color has-link-color wp-elements-35b0c79a4d08b762c6b23409c4a5865a\">2.1 Ecoute active<\/p>\n\n\n\n<p class=\"has-foreground-color has-text-color has-link-color wp-elements-4a07bb05473e2c549005fc6b20936f7e\">2.2 Relation d\u2019aide<\/p>\n\n\n\n<p class=\"has-foreground-color has-text-color has-link-color wp-elements-3cd450f83f13e5fb943cfc945483ba60\">2.3 Orientation vers un r\u00e9seau de partenaires<\/p>\n<\/div>\n\n\n\n<div class=\"wp-block-column is-layout-flow wp-block-column-is-layout-flow\">\n<p class=\"has-text-align-center has-primary-color has-text-color has-link-color has-medium-font-size wp-elements-4363c2ea6aefe77bbfcfffc3f038b82b\" style=\"margin-top:0;margin-bottom:0\"><strong>Equiper et fortifier&nbsp;<\/strong><\/p>\n\n\n\n<p class=\"has-foreground-color has-text-color has-link-color wp-elements-54659c177daeff497276bf0e4aadd49c\">3.1 Temps de r\u00e9pit et de ressourcement<\/p>\n\n\n\n<p class=\"has-foreground-color has-text-color has-link-color wp-elements-9fd8b294c12f9829b7ffe65708ea3e54\">3.2 Formations individuelles et collectives<\/p>\n\n\n\n<p class=\"has-foreground-color has-text-color has-link-color wp-elements-248f74836e3af330aeb0829a59be3f57\">3.3 R\u00e9flexions bibliques<\/p>\n<\/div>\n<\/div>\n<\/div>\n<\/div>\n<\/div>\n\n\n\n<div class=\"wp-block-group is-layout-constrained wp-block-group-is-layout-constrained\">\n<div class=\"wp-block-columns is-layout-flex wp-container-core-columns-is-layout-28f84493 wp-block-columns-is-layout-flex\">\n<div class=\"wp-block-column is-layout-flow wp-block-column-is-layout-flow\" style=\"flex-basis:100%\">\n<div class=\"wp-block-columns is-layout-flex wp-container-core-columns-is-layout-28f84493 wp-block-columns-is-layout-flex\">\n<div class=\"wp-block-column is-layout-flow wp-block-column-is-layout-flow\">\n<div class=\"wp-block-cover\"><span aria-hidden=\"true\" class=\"wp-block-cover__background has-background-dim\"><\/span><img loading=\"lazy\" decoding=\"async\" width=\"1024\" height=\"699\" class=\"wp-block-cover__image-background wp-image-211\" alt=\"\" src=\"https:\/\/cenchrees.fr\/wp-content\/uploads\/2024\/02\/iStock-1351542181-1-1024x699.jpg\" data-object-fit=\"cover\" srcset=\"https:\/\/cenchrees.fr\/wp-content\/uploads\/2024\/02\/iStock-1351542181-1-1024x699.jpg 1024w, https:\/\/cenchrees.fr\/wp-content\/uploads\/2024\/02\/iStock-1351542181-1-300x205.jpg 300w, https:\/\/cenchrees.fr\/wp-content\/uploads\/2024\/02\/iStock-1351542181-1-768x525.jpg 768w, https:\/\/cenchrees.fr\/wp-content\/uploads\/2024\/02\/iStock-1351542181-1-1536x1049.jpg 1536w, https:\/\/cenchrees.fr\/wp-content\/uploads\/2024\/02\/iStock-1351542181-1-2048x1399.jpg 2048w\" sizes=\"auto, (max-width: 1024px) 100vw, 1024px\" \/><div class=\"wp-block-cover__inner-container is-layout-flow wp-block-cover-is-layout-flow\">\n<p class=\"has-text-align-center has-primary-color has-text-color has-link-color has-medium-font-size wp-elements-da7e191cf4b812a76ab89832fe88ce90\">\u00a0\u00bb Notre objectif : votre croissance \u00ab\u00a0<\/p>\n<\/div><\/div>\n<\/div>\n<\/div>\n<\/div>\n<\/div>\n<\/div>\n","protected":false},"excerpt":{"rendered":"<p>Pour accompagner \u00ab\u00a0les voyageurs de la vie\u00a0\u00bb, l&rsquo;association souhaite orienter ses missions sur 3 axes: Pr\u00e9venir et sensibiliser 1.1 Rassemblements autour d\u2019\u00e9changes et de d\u00e9b\u00e2ts (bik a pawol) 1.2 S\u00e9minaires autour de probl\u00e9matiques de vie 1.3 Moments de convivialit\u00e9 Accompagner 2.1 Ecoute active 2.2 Relation d\u2019aide 2.3 Orientation vers un r\u00e9seau de partenaires Equiper et [&hellip;]<\/p>\n","protected":false},"author":1,"featured_media":0,"parent":0,"menu_order":0,"comment_status":"closed","ping_status":"closed","template":"","meta":{"footnotes":""},"class_list":["post-68","page","type-page","status-publish","hentry"],"_links":{"self":[{"href":"https:\/\/cenchrees.fr\/index.php?rest_route=\/wp\/v2\/pages\/68","targetHints":{"allow":["GET"]}}],"collection":[{"href":"https:\/\/cenchrees.fr\/index.php?rest_route=\/wp\/v2\/pages"}],"about":[{"href":"https:\/\/cenchrees.fr\/index.php?rest_route=\/wp\/v2\/types\/page"}],"author":[{"embeddable":true,"href":"https:\/\/cenchrees.fr\/index.php?rest_route=\/wp\/v2\/users\/1"}],"replies":[{"embeddable":true,"href":"https:\/\/cenchrees.fr\/index.php?rest_route=%2Fwp%2Fv2%2Fcomments&post=68"}],"version-history":[{"count":16,"href":"https:\/\/cenchrees.fr\/index.php?rest_route=\/wp\/v2\/pages\/68\/revisions"}],"predecessor-version":[{"id":376,"href":"https:\/\/cenchrees.fr\/index.php?rest_route=\/wp\/v2\/pages\/68\/revisions\/376"}],"wp:attachment":[{"href":"https:\/\/cenchrees.fr\/index.php?rest_route=%2Fwp%2Fv2%2Fmedia&parent=68"}],"curies":[{"name":"wp","href":"https:\/\/api.w.org\/{rel}","templated":true}]}}