{"id":67,"date":"2024-02-23T16:24:33","date_gmt":"2024-02-23T20:24:33","guid":{"rendered":"https:\/\/cenchrees.fr\/?page_id=67"},"modified":"2024-02-23T17:10:29","modified_gmt":"2024-02-23T21:10:29","slug":"carnet-de-bord-nos-valeurs","status":"publish","type":"page","link":"https:\/\/cenchrees.fr\/?page_id=67","title":{"rendered":"CARNET DE BORD \/ NOS VALEURS"},"content":{"rendered":"\n<p class=\"has-primary-color has-text-color has-link-color wp-elements-11878cb6c988317987805bcac28c2b7d\">\u00ab <em>B\u00e9ni soit Dieu, le P\u00e8re de notre Seigneur J\u00e9sus-Christ, le P\u00e8re plein de compassion et le Dieu de tout r\u00e9confort ! Il nous r\u00e9conforte dans toutes nos d\u00e9tresses afin que nous puissions r\u00e9conforter ceux qui se trouvent dans la d\u00e9tresse, gr\u00e2ce \u00e0 l\u2019encouragement que nous recevons nous-m\u00eames de la part de Dieu.<\/em>&nbsp;\u00bb<strong>2 Corinthiens 1&nbsp;: 3-4<\/strong><\/p>\n\n\n\n<p class=\"has-foreground-color has-text-color has-link-color wp-elements-5918fff1659dfd612f96063d1322a353\">La charte \u00e9thique d\u00e9finit les principes et les codes de bonne conduite permettant de v\u00e9hiculer les valeurs auxquelles l\u2019association CENCHREES adh\u00e8re et qui guident chaque membre, intervenant et b\u00e9n\u00e9ficiaire dans leur pratique au quotidien.<\/p>\n\n\n\n<div class=\"wp-block-group is-layout-constrained wp-block-group-is-layout-constrained\">\n<p class=\"has-text-align-center has-primary-color has-text-color has-link-color has-medium-font-size wp-elements-5b198dbfa577d18bdc8e2d90d22b5847\">\u00a0\u00bb Les valeurs qui fondent nos actions&#8230;\u00a0\u00bb<\/p>\n<\/div>\n\n\n\n<p class=\"has-foreground-color has-text-color has-link-color wp-elements-c4118e472e3c872c9509f538680fe82b\">L\u2019Ecoute, l\u2019Empathie, l\u2019Engagement, l\u2019Equit\u00e9, l\u2019Humanit\u00e9, l\u2019Humilit\u00e9, la Libert\u00e9, la Reconnaissance, le Respect et l\u2019Unit\u00e9 constituent les dix valeurs fondamentales de l\u2019association dans la mise en \u0153uvre de ses actions.<\/p>\n\n\n\n<p class=\"has-background-color has-primary-background-color has-text-color has-background has-link-color wp-elements-edcd6c43f8e984f4d345a096b190adbe\" id=\"Ecoute\"><strong>L\u2019Ecoute<\/strong> : Nous nous engageons \u00e0 prendre le temps d\u2019accueillir avec bienveillance la parole de l\u2019autre sans jugement, ni pr\u00e9somption.<\/p>\n\n\n\n<p class=\"has-background-color has-foreground-background-color has-text-color has-background has-link-color wp-elements-da50631d2bdcc9e3c74f8f9772239024\" id=\"Empathie\"><strong>L\u2019Empathie<\/strong> : Nous souhaitons favoriser la capacit\u00e9 \u00e0 se mettre \u00e0 la place de l&rsquo;autre sans \u00eatre l&rsquo;autre en usant de compassion et de bienveillance, dans le but d\u2019avoir des \u00e9changes d\u00e9pourvus de tout jugement.<\/p>\n\n\n\n<p class=\"has-background-color has-primary-background-color has-text-color has-background has-link-color wp-elements-fdcfd55efd64a6005bf0bc8e9e1efed5\" id=\"Engagement\"><strong>L\u2019Engagement<\/strong> : Parce que nous croyons que la parole donn\u00e9e favorise la relation de confiance r\u00e9ciproque, nous nous engageons dans la mesure du possible \u00e0 l\u2019honorer.<\/p>\n\n\n\n<p class=\"has-background-color has-foreground-background-color has-text-color has-background has-link-color wp-elements-d66a6952620f8e4bff2901b0324f3795\" id=\"Equit\u00e9\"><strong>L\u2019Equit\u00e9<\/strong>: Nous croyons que chaque situation est unique et n\u00e9cessite une r\u00e9ponse juste, sp\u00e9cifique et adapt\u00e9e. Ceci nous engage \u00e0 traiter les situations sans a priori personnel, en prenant le temps n\u00e9cessaire avant toute conclusion.<\/p>\n\n\n\n<p class=\"has-background-color has-primary-background-color has-text-color has-background has-link-color wp-elements-a94fd4c5c1ced05b7c30a2de53c6a0fe\" id=\"Humanit\u00e9\"><strong>L\u2019Humanit\u00e9<\/strong> : Parce que nous consid\u00e9rons l\u2019\u00eatre humain comme une cr\u00e9ature merveilleuse de Dieu pourvu aussi bien de capacit\u00e9s que de fragilit\u00e9s physiques et ou psychiques, nous le reconnaissons comme sujet singulier et digne. Par cons\u00e9quent, nous admettons qu\u2019un accompagnement global ne peut en aucun cas se faire sans Dieu.<\/p>\n\n\n\n<p class=\"has-background-color has-foreground-background-color has-text-color has-background has-link-color wp-elements-ba64f4aa64fc432d90fc2bb8e55b490b\" id=\"Humilit\u00e9\"><strong>L\u2019Humilit\u00e9<\/strong> : Nous reconnaissons notre vision partielle des choses et notre besoin d\u2019\u00eatre en tout temps \u00e9clair\u00e9s par Dieu en accueillant chaque circonstance comme une occasion de se questionner, d\u2019apprendre et de progresser et en acceptant la remise en question de notre personne, de nos id\u00e9es et de nos convictions.<\/p>\n\n\n\n<p class=\"has-background-color has-primary-background-color has-text-color has-background has-link-color wp-elements-901cb5e0546c1a191a1233016be37c49\" id=\"Libert\u00e9\"><strong>La Libert\u00e9<\/strong> : Nous croyons que seule la v\u00e9rit\u00e9 de l\u2019\u00e9vangile nous lib\u00e8re. Par notre accompagnement, nous favorisons l\u2019action volontaire, le don de soi, l\u2019autonomie et le libre choix dans le respect de soi et des autres. Nous nous engageons \u00e0 pr\u00e9server cette libert\u00e9 et \u00e0 \u00eatre transparent \u00e0 chaque \u00e9tape du parcours pour qu\u2019en tout temps ces actions soient garanties.<\/p>\n\n\n\n<p class=\"has-background-color has-foreground-background-color has-text-color has-background has-link-color wp-elements-00b26037aa6d80aed138a30ea7dab27f\" id=\"Reconnaissance\"><strong>La Reconnaissance<\/strong> : Nous croyons que la reconnaissance est bien plus qu\u2019une simple expression de sa gratitude. C\u2019est reconna\u00eetre notre propre valeur, ainsi que celle des autres, des exp\u00e9riences et des responsabilit\u00e9s tout en consid\u00e9rant la valeur des choses et des circonstances. C\u2019est pour nous un moyen d\u2019enrichissement, une source d\u2019inspiration ou un facteur de r\u00e9ajustement.<\/p>\n\n\n\n<p class=\"has-background-color has-primary-background-color has-text-color has-background has-link-color wp-elements-bb3cb231ae37dcd3bb75cc508cd0f818\" id=\"Respect\"><strong>Le Respect<\/strong> : Nous accueillons toute personne sans discrimination et sans jugement en tenant compte de son histoire et de son parcours de vie. Cet engagement se traduit par la reconnaissance de sa dignit\u00e9 et par l\u2019importance de pr\u00e9server la confidentialit\u00e9 des \u00e9changes.<\/p>\n\n\n\n<p class=\"has-background-color has-foreground-background-color has-text-color has-background has-link-color wp-elements-b99cf9577a4c7a840dd22ff2f3548920\" id=\"Unit\u00e9\"><strong>L\u2019Unit\u00e9<\/strong> : &nbsp; Nous partageons une vision commune de notre action. Conscients de nos diff\u00e9rences, nous nous soumettons \u00e0 l\u2019action du Saint-Esprit, pour nous conduire dans une m\u00eame direction.<\/p>\n\n\n\n<div class=\"wp-block-group is-layout-constrained wp-block-group-is-layout-constrained\">\n<p class=\"has-text-align-center has-primary-color has-text-color has-link-color has-medium-font-size wp-elements-423887d2e4f61b38eba0332b44e167d5\">\u00a0\u00bb Ces valeurs prennent leur essence dans livre de la vie \u00ab\u00a0<\/p>\n<\/div>\n\n\n\n<p class=\"has-foreground-color has-text-color has-link-color wp-elements-c111355fa7fbe44268831f8361a60ad4\"><em>\u00ab&nbsp;[Car] le fruit de l&rsquo;Esprit, c&rsquo;est l&rsquo;amour, la joie, la paix, la patience, la bont\u00e9, la bienveillance, la foi, la douceur, la ma\u00eetrise de soi \u00bb<\/em><strong><em>Galates 5 : 22<\/em><\/strong><\/p>\n","protected":false},"excerpt":{"rendered":"<p>\u00ab B\u00e9ni soit Dieu, le P\u00e8re de notre Seigneur J\u00e9sus-Christ, le P\u00e8re plein de compassion et le Dieu de tout r\u00e9confort ! Il nous r\u00e9conforte dans toutes nos d\u00e9tresses afin que nous puissions r\u00e9conforter ceux qui se trouvent dans la d\u00e9tresse, gr\u00e2ce \u00e0 l\u2019encouragement que nous recevons nous-m\u00eames de la part de Dieu.&nbsp;\u00bb2 Corinthiens 1&nbsp;: [&hellip;]<\/p>\n","protected":false},"author":1,"featured_media":0,"parent":0,"menu_order":0,"comment_status":"closed","ping_status":"closed","template":"","meta":{"footnotes":""},"class_list":["post-67","page","type-page","status-publish","hentry"],"_links":{"self":[{"href":"https:\/\/cenchrees.fr\/index.php?rest_route=\/wp\/v2\/pages\/67","targetHints":{"allow":["GET"]}}],"collection":[{"href":"https:\/\/cenchrees.fr\/index.php?rest_route=\/wp\/v2\/pages"}],"about":[{"href":"https:\/\/cenchrees.fr\/index.php?rest_route=\/wp\/v2\/types\/page"}],"author":[{"embeddable":true,"href":"https:\/\/cenchrees.fr\/index.php?rest_route=\/wp\/v2\/users\/1"}],"replies":[{"embeddable":true,"href":"https:\/\/cenchrees.fr\/index.php?rest_route=%2Fwp%2Fv2%2Fcomments&post=67"}],"version-history":[{"count":5,"href":"https:\/\/cenchrees.fr\/index.php?rest_route=\/wp\/v2\/pages\/67\/revisions"}],"predecessor-version":[{"id":354,"href":"https:\/\/cenchrees.fr\/index.php?rest_route=\/wp\/v2\/pages\/67\/revisions\/354"}],"wp:attachment":[{"href":"https:\/\/cenchrees.fr\/index.php?rest_route=%2Fwp%2Fv2%2Fmedia&parent=67"}],"curies":[{"name":"wp","href":"https:\/\/api.w.org\/{rel}","templated":true}]}}