{"id":66,"date":"2024-02-23T16:27:52","date_gmt":"2024-02-23T20:27:52","guid":{"rendered":"https:\/\/cenchrees.fr\/?page_id=66"},"modified":"2024-02-23T16:27:52","modified_gmt":"2024-02-23T20:27:52","slug":"cap-histoire-dune-vision","status":"publish","type":"page","link":"https:\/\/cenchrees.fr\/?page_id=66","title":{"rendered":"CAP \/ HISTOIRE D\u2019UNE VISION"},"content":{"rendered":"\n<p class=\"has-text-align-left has-primary-color has-text-color has-link-color has-medium-font-size wp-elements-6628635ce8682e5b66ca713e2683a39a\"><strong>La Gen\u00e8se d\u2019une vision<\/strong><\/p>\n\n\n\n<p class=\"has-foreground-color has-text-color has-link-color wp-elements-d8642bf33a4d76c45bef67dc386705d3\">Confront\u00e9s depuis de nombreuses ann\u00e9es \u00e0 une situation familiale qui a mis \u00e0 mal nos certitudes nous obligeant ainsi \u00e0 repenser notre mani\u00e8re de voir l\u2019autre et in fine, \u00e0 changer le regard que nous portions sur le monde et sur nous-m\u00eames, nous avons appris \u00e0 agir autrement\u00a0et avons d\u00e9couvert, de Dieu, de nouvelles facettes. Mais la question restait enti\u00e8re\u00a0: Comment aider un proche \u00e0 se reconstruire\u00a0? Comment favoriser la restauration et la reconstruction \u00e9motionnelle\u00a0et spirituelle d\u2019une personne meurtrie par les circonstances de la vie ?<\/p>\n\n\n\n<figure class=\"wp-block-image aligncenter size-full is-style-default\"><img loading=\"lazy\" decoding=\"async\" width=\"315\" height=\"227\" src=\"https:\/\/cenchrees.fr\/wp-content\/uploads\/2024\/02\/Image_Genese_vision-2.png\" alt=\"\" class=\"wp-image-198\" srcset=\"https:\/\/cenchrees.fr\/wp-content\/uploads\/2024\/02\/Image_Genese_vision-2.png 315w, https:\/\/cenchrees.fr\/wp-content\/uploads\/2024\/02\/Image_Genese_vision-2-300x216.png 300w\" sizes=\"auto, (max-width: 315px) 100vw, 315px\" \/><\/figure>\n\n\n\n<p class=\"has-foreground-color has-text-color has-link-color wp-elements-97344cb805c5842c16d3b60b7a06ffab\">Force est de constater que dans nos milieux, des centres, des structures, qui accompagnent les personnes dans un processus de reconstruction durable font d\u00e9faut.<\/p>\n\n\n\n<p class=\"has-text-align-center has-primary-color has-text-color has-link-color wp-elements-bcd99a9f8296f811c143f903e5b104b5\"><strong><em>Eur\u00eaka : \u00ab&nbsp;si un tel centre n\u2019existe pas, et bien cr\u00e9ez-le&nbsp;!&nbsp;\u00bb<\/em><\/strong><\/p>\n\n\n\n<p class=\"has-text-align-left has-primary-color has-text-color has-link-color has-medium-font-size wp-elements-3c2e2b1752f01eb3b39bb4c86a7bac00\"><strong>Un nom pour la vision<\/strong><\/p>\n\n\n\n<p class=\"has-foreground-color has-text-color has-link-color wp-elements-e5e93f79d0cd5f44527994f6dd1ee610\"><strong><em>CENCHREES<\/em><\/strong><strong><em> <\/em><\/strong>pour<strong><em> <\/em><\/strong>\u00ab<strong><em>&nbsp;CEN<\/em><\/strong><em>tre <strong>CH<\/strong>r\u00e9tien de <strong>R<\/strong>econstruction <strong>\u00c9<\/strong>motionnelle <strong>E<\/strong>t <strong>S<\/strong>pirituelle&nbsp;\u00bb. <\/em>Ce nom, cit\u00e9 \u00e0 deux reprises dans la Bible (Actes 18&nbsp;:18 et Romains 16&nbsp;:1)<em> <\/em>signifie \u00ab&nbsp;petites graines&nbsp;\u00bb et fait r\u00e9f\u00e9rence \u00e0 l\u2019un des deux ports de la ville de Corinthe.<\/p>\n\n\n\n<figure class=\"wp-block-image aligncenter size-full\"><img loading=\"lazy\" decoding=\"async\" width=\"565\" height=\"221\" src=\"https:\/\/cenchrees.fr\/wp-content\/uploads\/2024\/02\/Image_nom_vision-1.png\" alt=\"\" class=\"wp-image-199\" srcset=\"https:\/\/cenchrees.fr\/wp-content\/uploads\/2024\/02\/Image_nom_vision-1.png 565w, https:\/\/cenchrees.fr\/wp-content\/uploads\/2024\/02\/Image_nom_vision-1-300x117.png 300w\" sizes=\"auto, (max-width: 565px) 100vw, 565px\" \/><\/figure>\n\n\n\n<p class=\"has-foreground-color has-text-color has-link-color wp-elements-cd3dc1a7d9a8ae438449a713932e9ef4\">\u00abUn port, comme une halte, une escale pour se ravitailler, se ressourcer \u00e0 l\u2019aide du r\u00e9seau de \u00ab&nbsp;petites graines&nbsp;\u00bb que nous sommes\u00bb<\/p>\n\n\n\n<p class=\"has-foreground-color has-text-color has-link-color wp-elements-5f3764e77ce74846a631d1e457b337d6\">Notre vision est d\u2019offrir aux personnes, dans un cadre accueillant et chaleureux, un accompagnement propice \u00e0 leur reconstruction \u00e9motionnelle et spirituelle durable.<\/p>\n\n\n\n<p class=\"has-foreground-color has-text-color has-link-color wp-elements-4572eb564ecd8b00da56542eacfaa7de\">Notre aspiration est que les chr\u00e9tiens vivent la vie pleine et abondante que Dieu promet.<strong><\/strong><strong><br><\/strong><\/p>\n","protected":false},"excerpt":{"rendered":"<p>La Gen\u00e8se d\u2019une vision Confront\u00e9s depuis de nombreuses ann\u00e9es \u00e0 une situation familiale qui a mis \u00e0 mal nos certitudes nous obligeant ainsi \u00e0 repenser notre mani\u00e8re de voir l\u2019autre et in fine, \u00e0 changer le regard que nous portions sur le monde et sur nous-m\u00eames, nous avons appris \u00e0 agir autrement\u00a0et avons d\u00e9couvert, de [&hellip;]<\/p>\n","protected":false},"author":1,"featured_media":0,"parent":0,"menu_order":0,"comment_status":"closed","ping_status":"closed","template":"","meta":{"footnotes":""},"class_list":["post-66","page","type-page","status-publish","hentry"],"_links":{"self":[{"href":"https:\/\/cenchrees.fr\/index.php?rest_route=\/wp\/v2\/pages\/66","targetHints":{"allow":["GET"]}}],"collection":[{"href":"https:\/\/cenchrees.fr\/index.php?rest_route=\/wp\/v2\/pages"}],"about":[{"href":"https:\/\/cenchrees.fr\/index.php?rest_route=\/wp\/v2\/types\/page"}],"author":[{"embeddable":true,"href":"https:\/\/cenchrees.fr\/index.php?rest_route=\/wp\/v2\/users\/1"}],"replies":[{"embeddable":true,"href":"https:\/\/cenchrees.fr\/index.php?rest_route=%2Fwp%2Fv2%2Fcomments&post=66"}],"version-history":[{"count":3,"href":"https:\/\/cenchrees.fr\/index.php?rest_route=\/wp\/v2\/pages\/66\/revisions"}],"predecessor-version":[{"id":200,"href":"https:\/\/cenchrees.fr\/index.php?rest_route=\/wp\/v2\/pages\/66\/revisions\/200"}],"wp:attachment":[{"href":"https:\/\/cenchrees.fr\/index.php?rest_route=%2Fwp%2Fv2%2Fmedia&parent=66"}],"curies":[{"name":"wp","href":"https:\/\/api.w.org\/{rel}","templated":true}]}}