{"id":406,"date":"2024-03-02T12:10:29","date_gmt":"2024-03-02T16:10:29","guid":{"rendered":"https:\/\/cenchrees.fr\/?page_id=406"},"modified":"2024-03-02T19:22:23","modified_gmt":"2024-03-02T23:22:23","slug":"reseaux-de-communication","status":"publish","type":"page","link":"https:\/\/cenchrees.fr\/?page_id=406","title":{"rendered":"R\u00e9seaux de communication"},"content":{"rendered":"\n<p class=\"has-foreground-color has-text-color has-link-color wp-elements-914277a2fc71e35a2764e60a61aaf1b4\">Vous \u00eates sur la bonne fr\u00e9quence si vous souhaitez nous laisser votre message. Nos ondes sont ouvertes 24h\/24 via ce formulaire de contact .<\/p>\n\n\n\n<p class=\"has-foreground-color has-text-color has-link-color wp-elements-f3d551019b147191a8975c103f8f4d47\">Alors n&rsquo;h\u00e9sitez pas \u00e0 nous contacter. Nous nous ferons un plaisir de vous r\u00e9pondre dans les plus brefs d\u00e9lais&#8230;<\/p>\n\n\n\n<p class=\"has-foreground-color has-text-color has-link-color wp-elements-8297015c791abe0964c27a3c27366f2a\">L&rsquo;\u00e9quipe CENCHREES,<\/p>\n\n\n\n<p class=\"has-primary-color has-text-color has-link-color has-medium-font-size wp-elements-0fee669a6d90db53000c93a91d0745af\"><strong>FORMULAIRE DE CONTACT<\/strong><\/p>\n\n\n\n<div class=\"wp-block-group is-layout-constrained wp-block-group-is-layout-constrained\">\n<div class=\"wpcf7 no-js\" id=\"wpcf7-f402-o1\" lang=\"fr-FR\" dir=\"ltr\" data-wpcf7-id=\"402\">\n<div class=\"screen-reader-response\"><p role=\"status\" aria-live=\"polite\" aria-atomic=\"true\"><\/p> <ul><\/ul><\/div>\n<form action=\"\/index.php?rest_route=%2Fwp%2Fv2%2Fpages%2F406#wpcf7-f402-o1\" method=\"post\" class=\"wpcf7-form init\" aria-label=\"Formulaire de contact\" novalidate=\"novalidate\" data-status=\"init\">\n<fieldset class=\"hidden-fields-container\"><input type=\"hidden\" name=\"_wpcf7\" value=\"402\" \/><input type=\"hidden\" name=\"_wpcf7_version\" value=\"6.1.5\" \/><input type=\"hidden\" name=\"_wpcf7_locale\" value=\"fr_FR\" \/><input type=\"hidden\" name=\"_wpcf7_unit_tag\" value=\"wpcf7-f402-o1\" \/><input type=\"hidden\" name=\"_wpcf7_container_post\" value=\"0\" \/><input type=\"hidden\" name=\"_wpcf7_posted_data_hash\" value=\"\" \/><input type=\"hidden\" name=\"_wpcf7_recaptcha_response\" value=\"\" \/>\n<\/fieldset>\n<p><label> Pr\u00e9nom<br \/>\n<span class=\"wpcf7-form-control-wrap\" data-name=\"your-name\"><input size=\"40\" maxlength=\"400\" class=\"wpcf7-form-control wpcf7-text wpcf7-validates-as-required\" autocomplete=\"name\" aria-required=\"true\" aria-invalid=\"false\" value=\"\" type=\"text\" name=\"your-name\" \/><\/span> <\/label>\n<\/p>\n<p><label> Nom<br \/>\n<span class=\"wpcf7-form-control-wrap\" data-name=\"your-surname\"><input size=\"40\" maxlength=\"400\" class=\"wpcf7-form-control wpcf7-text wpcf7-validates-as-required\" autocomplete=\"surname\" aria-required=\"true\" aria-invalid=\"false\" value=\"\" type=\"text\" name=\"your-surname\" \/><\/span> <\/label>\n<\/p>\n<p><label> Num\u00e9ro de t\u00e9l\u00e9phone (+590, +33,... suivi de votre num\u00e9ro)<br \/>\n<span class=\"wpcf7-form-control-wrap\" data-name=\"tel-742\"><input size=\"40\" maxlength=\"400\" class=\"wpcf7-form-control wpcf7-tel wpcf7-validates-as-required wpcf7-text wpcf7-validates-as-tel\" aria-required=\"true\" aria-invalid=\"false\" value=\"\" type=\"tel\" name=\"tel-742\" \/><\/span> <\/label>\n<\/p>\n<p><label> E-mail<br \/>\n<span class=\"wpcf7-form-control-wrap\" data-name=\"your-email\"><input size=\"40\" maxlength=\"400\" class=\"wpcf7-form-control wpcf7-email wpcf7-validates-as-required wpcf7-text wpcf7-validates-as-email\" autocomplete=\"email\" aria-required=\"true\" aria-invalid=\"false\" value=\"\" type=\"email\" name=\"your-email\" \/><\/span> <\/label>\n<\/p>\n<p><label> Objet de votre demande<br \/>\n<\/label><span class=\"wpcf7-form-control-wrap\" data-name=\"menu-307\"><select class=\"wpcf7-form-control wpcf7-select wpcf7-validates-as-required\" aria-required=\"true\" aria-invalid=\"false\" name=\"menu-307\"><option value=\"\">&#8212;Veuillez choisir une option&#8212;<\/option><option value=\"B\u00e9n\u00e9ficier de nos services\">B\u00e9n\u00e9ficier de nos services<\/option><option value=\"Devenir Partenaire\">Devenir Partenaire<\/option><option value=\"Devenir Officier\">Devenir Officier<\/option><option value=\"Autres\">Autres<\/option><\/select><\/span>\n<\/p>\n<p><label> Votre message<br \/>\n<span class=\"wpcf7-form-control-wrap\" data-name=\"textarea-985\"><textarea cols=\"40\" rows=\"10\" maxlength=\"2000\" class=\"wpcf7-form-control wpcf7-textarea wpcf7-validates-as-required\" aria-required=\"true\" aria-invalid=\"false\" name=\"textarea-985\"><\/textarea><\/span> <\/label>\n<\/p>\n<p><input class=\"wpcf7-form-control wpcf7-submit has-spinner\" type=\"submit\" value=\"Envoyer\" \/>\n<\/p><div class=\"wpcf7-response-output\" aria-hidden=\"true\"><\/div>\n<\/form>\n<\/div>\n\n<\/div>\n\n\n\n<div class=\"wp-block-group is-layout-constrained wp-block-group-is-layout-constrained\">\n<p class=\"has-primary-color has-text-color has-link-color has-medium-font-size wp-elements-5438cf8cf7ed09f0fa321ad2fce04134\"><strong>RESTONS EN CONTACT&#8230;<\/strong><\/p>\n\n\n\n<p class=\"has-foreground-color has-text-color has-link-color wp-elements-18c63c1d09e3daf1b0852e1b50f56323\">Suivez nos activit\u00e9s sur les r\u00e9seaux sociaux :<\/p>\n\n\n\n<figure class=\"wp-block-gallery has-nested-images columns-default is-cropped wp-block-gallery-1 is-layout-flex wp-block-gallery-is-layout-flex\">\n<figure class=\"wp-block-image size-large\"><a href=\"https:\/\/www.facebook.com\/profile.php?id=61555762427286\" target=\"_blank\" rel=\"noreferrer noopener\"><img loading=\"lazy\" decoding=\"async\" width=\"1024\" height=\"1024\" data-id=\"424\" src=\"https:\/\/cenchrees.fr\/wp-content\/uploads\/2024\/03\/Facebook-1024x1024.png\" alt=\"\" class=\"wp-image-424\" srcset=\"https:\/\/cenchrees.fr\/wp-content\/uploads\/2024\/03\/Facebook-1024x1024.png 1024w, https:\/\/cenchrees.fr\/wp-content\/uploads\/2024\/03\/Facebook-300x300.png 300w, https:\/\/cenchrees.fr\/wp-content\/uploads\/2024\/03\/Facebook-150x150.png 150w, https:\/\/cenchrees.fr\/wp-content\/uploads\/2024\/03\/Facebook-768x768.png 768w, https:\/\/cenchrees.fr\/wp-content\/uploads\/2024\/03\/Facebook.png 1350w\" sizes=\"auto, (max-width: 1024px) 100vw, 1024px\" \/><\/a><\/figure>\n\n\n\n<figure class=\"wp-block-image size-large\"><a href=\"https:\/\/www.instagram.com\/cenchrees?igsh=MTJ3dmowMzhhc3RnYw%3D%3D&amp;utm_source=qr\" target=\"_blank\" rel=\"noreferrer noopener\"><img loading=\"lazy\" decoding=\"async\" width=\"1024\" height=\"1022\" data-id=\"427\" src=\"https:\/\/cenchrees.fr\/wp-content\/uploads\/2024\/03\/instagram-noir-1024x1022.png\" alt=\"\" class=\"wp-image-427\" srcset=\"https:\/\/cenchrees.fr\/wp-content\/uploads\/2024\/03\/instagram-noir-1024x1022.png 1024w, https:\/\/cenchrees.fr\/wp-content\/uploads\/2024\/03\/instagram-noir-300x300.png 300w, https:\/\/cenchrees.fr\/wp-content\/uploads\/2024\/03\/instagram-noir-150x150.png 150w, https:\/\/cenchrees.fr\/wp-content\/uploads\/2024\/03\/instagram-noir-768x767.png 768w, https:\/\/cenchrees.fr\/wp-content\/uploads\/2024\/03\/instagram-noir-1536x1534.png 1536w, https:\/\/cenchrees.fr\/wp-content\/uploads\/2024\/03\/instagram-noir-2048x2045.png 2048w\" sizes=\"auto, (max-width: 1024px) 100vw, 1024px\" \/><\/a><\/figure>\n<\/figure>\n<\/div>\n","protected":false},"excerpt":{"rendered":"<p>Vous \u00eates sur la bonne fr\u00e9quence si vous souhaitez nous laisser votre message. Nos ondes sont ouvertes 24h\/24 via ce formulaire de contact . Alors n&rsquo;h\u00e9sitez pas \u00e0 nous contacter. Nous nous ferons un plaisir de vous r\u00e9pondre dans les plus brefs d\u00e9lais&#8230; L&rsquo;\u00e9quipe CENCHREES, FORMULAIRE DE CONTACT RESTONS EN CONTACT&#8230; Suivez nos activit\u00e9s sur [&hellip;]<\/p>\n","protected":false},"author":1,"featured_media":0,"parent":0,"menu_order":0,"comment_status":"closed","ping_status":"closed","template":"","meta":{"footnotes":""},"class_list":["post-406","page","type-page","status-publish","hentry"],"_links":{"self":[{"href":"https:\/\/cenchrees.fr\/index.php?rest_route=\/wp\/v2\/pages\/406","targetHints":{"allow":["GET"]}}],"collection":[{"href":"https:\/\/cenchrees.fr\/index.php?rest_route=\/wp\/v2\/pages"}],"about":[{"href":"https:\/\/cenchrees.fr\/index.php?rest_route=\/wp\/v2\/types\/page"}],"author":[{"embeddable":true,"href":"https:\/\/cenchrees.fr\/index.php?rest_route=\/wp\/v2\/users\/1"}],"replies":[{"embeddable":true,"href":"https:\/\/cenchrees.fr\/index.php?rest_route=%2Fwp%2Fv2%2Fcomments&post=406"}],"version-history":[{"count":16,"href":"https:\/\/cenchrees.fr\/index.php?rest_route=\/wp\/v2\/pages\/406\/revisions"}],"predecessor-version":[{"id":434,"href":"https:\/\/cenchrees.fr\/index.php?rest_route=\/wp\/v2\/pages\/406\/revisions\/434"}],"wp:attachment":[{"href":"https:\/\/cenchrees.fr\/index.php?rest_route=%2Fwp%2Fv2%2Fmedia&parent=406"}],"curies":[{"name":"wp","href":"https:\/\/api.w.org\/{rel}","templated":true}]}}